{"id":304,"date":"2025-11-06T18:34:00","date_gmt":"2025-11-06T18:34:00","guid":{"rendered":"https:\/\/pierredentener-dndent.nl\/?page_id=304"},"modified":"2025-11-07T13:44:03","modified_gmt":"2025-11-07T13:44:03","slug":"live-nostalgie-met-dn-dent","status":"publish","type":"page","link":"https:\/\/pierredentener-dndent.nl\/index.php\/live-nostalgie-met-dn-dent\/","title":{"rendered":"Live! Nostalgie met D&#8217;n D\u00eant"},"content":{"rendered":"\t\t<div data-elementor-type=\"wp-page\" data-elementor-id=\"304\" class=\"elementor elementor-304\">\n\t\t\t\t<div class=\"elementor-element elementor-element-4c5fbd7 e-flex e-con-boxed e-con e-parent\" data-id=\"4c5fbd7\" data-element_type=\"container\" data-e-type=\"container\" data-settings=\"{&quot;background_background&quot;:&quot;classic&quot;}\">\n\t\t\t\t\t<div class=\"e-con-inner\">\n\t\t\t\t<div class=\"elementor-element elementor-element-890e4f7 elementor-widget elementor-widget-heading\" data-id=\"890e4f7\" data-element_type=\"widget\" data-e-type=\"widget\" data-widget_type=\"heading.default\">\n\t\t\t\t\t<h2 class=\"elementor-heading-title elementor-size-default\"><br><br><br><br><br><br><br><br>Nostalgie met D'n D\u00eant<br><\/h2>\t\t\t\t<\/div>\n\t\t\t\t<div class=\"elementor-element elementor-element-77dc896 elementor-widget elementor-widget-heading\" data-id=\"77dc896\" data-element_type=\"widget\" data-e-type=\"widget\" data-widget_type=\"heading.default\">\n\t\t\t\t\t<h5 class=\"elementor-heading-title elementor-size-default\">Boekingen voor zorg en Verpleeghuizen<\/h5>\t\t\t\t<\/div>\n\t\t\t\t\t<\/div>\n\t\t\t\t<\/div>\n\t\t<div class=\"elementor-element elementor-element-5306d62 e-con-full e-flex e-con e-parent\" data-id=\"5306d62\" data-element_type=\"container\" data-e-type=\"container\" data-settings=\"{&quot;background_background&quot;:&quot;classic&quot;}\">\n\t\t\t\t<div class=\"elementor-element elementor-element-95e1497 elementor-widget elementor-widget-heading\" data-id=\"95e1497\" data-element_type=\"widget\" data-e-type=\"widget\" data-widget_type=\"heading.default\">\n\t\t\t\t\t<h2 class=\"elementor-heading-title elementor-size-default\">Lilian zingt D'n D\u00eant<\/h2>\t\t\t\t<\/div>\n\t\t\t\t<div class=\"elementor-element elementor-element-938dd4a elementor-widget elementor-widget-heading\" data-id=\"938dd4a\" data-element_type=\"widget\" data-e-type=\"widget\" data-widget_type=\"heading.default\">\n\t\t\t\t\t<h5 class=\"elementor-heading-title elementor-size-default\">Een live optreden waarbij ook de stem van haar vader Pierre te horen is. <br><\/h5>\t\t\t\t<\/div>\n\t\t\t\t<div class=\"elementor-element elementor-element-47e2e68 elementor-widget elementor-widget-image-carousel\" data-id=\"47e2e68\" data-element_type=\"widget\" data-e-type=\"widget\" data-settings=\"{&quot;slides_to_show&quot;:&quot;2&quot;,&quot;slides_to_show_tablet&quot;:&quot;3&quot;,&quot;navigation&quot;:&quot;none&quot;,&quot;pause_on_hover&quot;:&quot;no&quot;,&quot;pause_on_interaction&quot;:&quot;no&quot;,&quot;image_spacing_custom&quot;:{&quot;unit&quot;:&quot;px&quot;,&quot;size&quot;:&quot;55&quot;,&quot;sizes&quot;:[]},&quot;slides_to_scroll_tablet&quot;:&quot;1&quot;,&quot;slides_to_show_mobile&quot;:&quot;1&quot;,&quot;autoplay&quot;:&quot;yes&quot;,&quot;autoplay_speed&quot;:5000,&quot;infinite&quot;:&quot;yes&quot;,&quot;speed&quot;:500,&quot;image_spacing_custom_tablet&quot;:{&quot;unit&quot;:&quot;px&quot;,&quot;size&quot;:&quot;&quot;,&quot;sizes&quot;:[]}}\" data-widget_type=\"image-carousel.default\">\n\t\t\t\t\t\t\t<div class=\"elementor-image-carousel-wrapper swiper\" role=\"region\" aria-roledescription=\"carousel\" aria-label=\"Afbeelding carrousel\" dir=\"ltr\">\n\t\t\t<div class=\"elementor-image-carousel swiper-wrapper\" aria-live=\"off\">\n\t\t\t\t\t\t\t\t<div class=\"swiper-slide\" role=\"group\" aria-roledescription=\"slide\" aria-label=\"1 van 3\"><figure class=\"swiper-slide-inner\"><img decoding=\"async\" class=\"swiper-slide-image\" src=\"https:\/\/pierredentener-dndent.nl\/wp-content\/uploads\/2025\/11\/2019-08-08-DubbelD-Hieronymus-oom-Louis-1.jpeg\" alt=\"2019-08-08 DubbelD Hieronymus oom Louis\" \/><\/figure><\/div><div class=\"swiper-slide\" role=\"group\" aria-roledescription=\"slide\" aria-label=\"2 van 3\"><figure class=\"swiper-slide-inner\"><img decoding=\"async\" class=\"swiper-slide-image\" src=\"https:\/\/pierredentener-dndent.nl\/wp-content\/uploads\/2025\/11\/hieronymus-websit-foto-1.jpeg\" alt=\"hieronymus websit foto\" \/><\/figure><\/div><div class=\"swiper-slide\" role=\"group\" aria-roledescription=\"slide\" aria-label=\"3 van 3\"><figure class=\"swiper-slide-inner\"><img decoding=\"async\" class=\"swiper-slide-image\" src=\"https:\/\/pierredentener-dndent.nl\/wp-content\/uploads\/2025\/11\/downloaden.jpeg\" alt=\"\" \/><\/figure><\/div>\t\t\t<\/div>\n\t\t\t\t\t\t\t\n\t\t\t\t\t\t\t\t\t<\/div>\n\t\t\t\t\t\t<\/div>\n\t\t\t\t<\/div>\n\t\t<div class=\"elementor-element elementor-element-459c434 e-flex e-con-boxed e-con e-parent\" data-id=\"459c434\" data-element_type=\"container\" data-e-type=\"container\">\n\t\t\t\t\t<div class=\"e-con-inner\">\n\t\t\t\t<div class=\"elementor-element elementor-element-3ffc52d elementor-widget elementor-widget-heading\" data-id=\"3ffc52d\" data-element_type=\"widget\" data-e-type=\"widget\" data-widget_type=\"heading.default\">\n\t\t\t\t\t<h2 class=\"elementor-heading-title elementor-size-default\">Live zingen met D'n D\u00eant<\/h2>\t\t\t\t<\/div>\n\t\t<div class=\"elementor-element elementor-element-5cc4af0 e-con-full e-flex e-con e-child\" data-id=\"5cc4af0\" data-element_type=\"container\" data-e-type=\"container\">\n\t\t\t\t<div class=\"elementor-element elementor-element-8c22fd1 elementor-widget elementor-widget-text-editor\" data-id=\"8c22fd1\" data-element_type=\"widget\" data-e-type=\"widget\" data-widget_type=\"text-editor.default\">\n\t\t\t\t\t\t\t\t\t<p>Een live optreden van Pierre&#8217;s dochter Lilian, waarbij interactie met het publiek en de liedjes van PIerre, centraal staan.\u00a0<br \/>Dit betekent concreet dat Pierre&#8217;s stem te horen is.\u00a0<br \/>Nostalgie met D&#8217;n Dent is met name bedoeld voor ouderen in zorg en verpleeghuizen.\u00a0<br \/>Voor mensen die de liedjes kennen en wellicht D&#8217;n D\u00eant zelf hebben gekend. MIschien heeft PIerre met zijn band zelfs op uw bruiloft gespeeld. Of danste u tijdens Kermis, Carnaval of Braderie op zijn muziek. Herinneringen komen terug als u meezingt en geniet bij het optreden van zijn jongste dochter.<br \/>Lilian&#8217;s stijl is er een van performance. Dat wil zeggen; op een laagdrempelige manier betrekt zij het publiek bij haar optreden.\u00a0<br \/>Enig theater is haar niet vreemd.\u00a0<\/p><p>\u00a0<\/p>\t\t\t\t\t\t\t\t<\/div>\n\t\t\t\t<\/div>\n\t\t\t\t\t<\/div>\n\t\t\t\t<\/div>\n\t\t<div class=\"elementor-element elementor-element-3586ad4 e-flex e-con-boxed e-con e-parent\" data-id=\"3586ad4\" data-element_type=\"container\" data-e-type=\"container\">\n\t\t\t\t\t<div class=\"e-con-inner\">\n\t\t\t\t<div class=\"elementor-element elementor-element-1de5c02 elementor-widget elementor-widget-heading\" data-id=\"1de5c02\" data-element_type=\"widget\" data-e-type=\"widget\" data-widget_type=\"heading.default\">\n\t\t\t\t\t<h2 class=\"elementor-heading-title elementor-size-default\">Wie is Lilian?<\/h2>\t\t\t\t<\/div>\n\t\t\t\t\t<\/div>\n\t\t\t\t<\/div>\n\t\t<div class=\"elementor-element elementor-element-f9a2fbe e-flex e-con-boxed e-con e-parent\" data-id=\"f9a2fbe\" data-element_type=\"container\" data-e-type=\"container\">\n\t\t\t\t\t<div class=\"e-con-inner\">\n\t\t<div class=\"elementor-element elementor-element-e1300bf e-con-full e-flex e-con e-child\" data-id=\"e1300bf\" data-element_type=\"container\" data-e-type=\"container\">\n\t\t\t\t<div class=\"elementor-element elementor-element-1d4b373 elementor-widget elementor-widget-image\" data-id=\"1d4b373\" data-element_type=\"widget\" data-e-type=\"widget\" data-widget_type=\"image.default\">\n\t\t\t\t\t\t\t\t\t\t\t\t\t\t\t<img fetchpriority=\"high\" decoding=\"async\" width=\"800\" height=\"935\" src=\"https:\/\/pierredentener-dndent.nl\/wp-content\/uploads\/2025\/11\/bacf9a1c354fc67e226095b4da170ebc_1040x1216_0x0_1862.3255813953x1216-876x1024.jpg\" class=\"attachment-large size-large wp-image-140\" alt=\"\" srcset=\"https:\/\/pierredentener-dndent.nl\/wp-content\/uploads\/2025\/11\/bacf9a1c354fc67e226095b4da170ebc_1040x1216_0x0_1862.3255813953x1216-876x1024.jpg 876w, https:\/\/pierredentener-dndent.nl\/wp-content\/uploads\/2025\/11\/bacf9a1c354fc67e226095b4da170ebc_1040x1216_0x0_1862.3255813953x1216-257x300.jpg 257w, https:\/\/pierredentener-dndent.nl\/wp-content\/uploads\/2025\/11\/bacf9a1c354fc67e226095b4da170ebc_1040x1216_0x0_1862.3255813953x1216-768x898.jpg 768w, https:\/\/pierredentener-dndent.nl\/wp-content\/uploads\/2025\/11\/bacf9a1c354fc67e226095b4da170ebc_1040x1216_0x0_1862.3255813953x1216.jpg 1040w\" sizes=\"(max-width: 800px) 100vw, 800px\" \/>\t\t\t\t\t\t\t\t\t\t\t\t\t\t\t<\/div>\n\t\t\t\t<\/div>\n\t\t<div class=\"elementor-element elementor-element-ba5c034 e-con-full e-flex e-con e-child\" data-id=\"ba5c034\" data-element_type=\"container\" data-e-type=\"container\">\n\t\t\t\t<\/div>\n\t\t\t\t<div class=\"elementor-element elementor-element-910d128 elementor-widget__width-initial elementor-widget elementor-widget-text-editor\" data-id=\"910d128\" data-element_type=\"widget\" data-e-type=\"widget\" data-widget_type=\"text-editor.default\">\n\t\t\t\t\t\t\t\t\t<p><br><\/p>\n<p>Lilian Dentener (1961), is geboren en getogen in het Limburgse Weert. Zij is het jongste kind van Pierre en Nellie Dentener-Verspeek.&nbsp;<\/p>\n<p>Velen inspireerden haar op haar levenspad, doch in het bijzonder haar vader, die met zijn passie voor muziek wat vreugde in het leven van mensen trachtte te brengen.&nbsp;<\/p>\n<p>Lilian deed hetzelfde op haar manier en werkte 32 jaar in het sociaal domein. Naast vele hobby&#8217;s is muziek altijd een onderdeel in Lilian&#8217;s leven geweest.&nbsp;<br>In 2022 ging Lilian met prepensioen.&nbsp;<br>Vaak aangespoord door vader om meer te doen met muziek,&nbsp;<br><span style=\"letter-spacing: 0px;\">was de tijd toen rijp.&nbsp;<\/span><\/p>\t\t\t\t\t\t\t\t<\/div>\n\t\t\t\t\t<\/div>\n\t\t\t\t<\/div>\n\t\t<div class=\"elementor-element elementor-element-6a521c8a e-flex e-con-boxed e-con e-parent\" data-id=\"6a521c8a\" data-element_type=\"container\" data-e-type=\"container\" data-settings=\"{&quot;background_background&quot;:&quot;classic&quot;}\">\n\t\t\t\t\t<div class=\"e-con-inner\">\n\t\t<div class=\"elementor-element elementor-element-31f18ab e-con-full e-flex e-con e-child\" data-id=\"31f18ab\" data-element_type=\"container\" data-e-type=\"container\">\n\t\t\t\t<div class=\"elementor-element elementor-element-52d140d elementor-widget elementor-widget-heading\" data-id=\"52d140d\" data-element_type=\"widget\" data-e-type=\"widget\" data-widget_type=\"heading.default\">\n\t\t\t\t\t<h2 class=\"elementor-heading-title elementor-size-default\">Zang ervaring:<\/h2>\t\t\t\t<\/div>\n\t\t\t\t<\/div>\n\t\t\t\t\t<\/div>\n\t\t\t\t<\/div>\n\t\t<div class=\"elementor-element elementor-element-c5e71f0 e-flex e-con-boxed e-con e-parent\" data-id=\"c5e71f0\" data-element_type=\"container\" data-e-type=\"container\">\n\t\t\t\t\t<div class=\"e-con-inner\">\n\t\t\t\t\t<\/div>\n\t\t\t\t<\/div>\n\t\t<div class=\"elementor-element elementor-element-ab08ef2 e-flex e-con-boxed e-con e-parent\" data-id=\"ab08ef2\" data-element_type=\"container\" data-e-type=\"container\">\n\t\t\t\t\t<div class=\"e-con-inner\">\n\t\t\t\t\t<\/div>\n\t\t\t\t<\/div>\n\t\t<div class=\"elementor-element elementor-element-de2b3be e-flex e-con-boxed e-con e-parent\" data-id=\"de2b3be\" data-element_type=\"container\" data-e-type=\"container\">\n\t\t\t\t\t<div class=\"e-con-inner\">\n\t\t\t\t\t<\/div>\n\t\t\t\t<\/div>\n\t\t<div class=\"elementor-element elementor-element-c2a57aa e-flex e-con-boxed e-con e-parent\" data-id=\"c2a57aa\" data-element_type=\"container\" data-e-type=\"container\">\n\t\t\t\t\t<div class=\"e-con-inner\">\n\t\t\t\t\t<\/div>\n\t\t\t\t<\/div>\n\t\t\t\t<\/div>\n\t\t","protected":false},"excerpt":{"rendered":"<p>Nostalgie met D&#8217;n D\u00eant Boekingen voor zorg en Verpleeghuizen Lilian zingt D&#8217;n D\u00eant Een live optreden waarbij ook de stem van haar vader Pierre te horen is. Live zingen met D&#8217;n D\u00eant Een live optreden van Pierre&#8217;s dochter Lilian, waarbij interactie met het publiek en de liedjes van PIerre, centraal staan.\u00a0Dit betekent concreet dat Pierre&#8217;s [&hellip;]<\/p>\n","protected":false},"author":1,"featured_media":0,"parent":0,"menu_order":0,"comment_status":"closed","ping_status":"closed","template":"","meta":{"footnotes":""},"class_list":["post-304","page","type-page","status-publish","hentry"],"_links":{"self":[{"href":"https:\/\/pierredentener-dndent.nl\/index.php\/wp-json\/wp\/v2\/pages\/304","targetHints":{"allow":["GET"]}}],"collection":[{"href":"https:\/\/pierredentener-dndent.nl\/index.php\/wp-json\/wp\/v2\/pages"}],"about":[{"href":"https:\/\/pierredentener-dndent.nl\/index.php\/wp-json\/wp\/v2\/types\/page"}],"author":[{"embeddable":true,"href":"https:\/\/pierredentener-dndent.nl\/index.php\/wp-json\/wp\/v2\/users\/1"}],"replies":[{"embeddable":true,"href":"https:\/\/pierredentener-dndent.nl\/index.php\/wp-json\/wp\/v2\/comments?post=304"}],"version-history":[{"count":64,"href":"https:\/\/pierredentener-dndent.nl\/index.php\/wp-json\/wp\/v2\/pages\/304\/revisions"}],"predecessor-version":[{"id":416,"href":"https:\/\/pierredentener-dndent.nl\/index.php\/wp-json\/wp\/v2\/pages\/304\/revisions\/416"}],"wp:attachment":[{"href":"https:\/\/pierredentener-dndent.nl\/index.php\/wp-json\/wp\/v2\/media?parent=304"}],"curies":[{"name":"wp","href":"https:\/\/api.w.org\/{rel}","templated":true}]}}